{"id":50368,"date":"2022-03-28T07:05:16","date_gmt":"2022-03-28T07:05:16","guid":{"rendered":"https:\/\/die-aufsperrengel.de\/schluesseldienst\/wilhelmshaven\/"},"modified":"2022-03-28T07:05:16","modified_gmt":"2022-03-28T07:05:16","slug":"wilhelmshaven","status":"publish","type":"page","link":"https:\/\/die-aufsperrengel.de\/schluesseldienst\/wilhelmshaven\/","title":{"rendered":"Schl\u00fcsseldienst WILHELMSHAVEN"},"content":{"rendered":"<h3>Wir sind Ihr kompetenter Partner im Bereich Schl\u00fcsseldienst &amp; Schl\u00fcsselnotdienst WILHELMSHAVEN<\/h3>\n<p><img class=\"size-full wp-image-36716 alignright\" src=\"https:\/\/die-aufsperrengel.de\/schluesseldienst\/wp-content\/uploads\/2020\/10\/schluesseldienst-schlosswechsel.jpg\" alt=\"Schl\u00fcsseldienst WILHELMSHAVEN Schlosswechsel\" width=\"150\" height=\"150\" \/><strong>Die Aufsperrengel Schl\u00fcsseldienst WILHELMSHAVEN hat sich auf den mobilen Schl\u00fcsselnotdienst spezialisiert und bietet Ihnen neben langj\u00e4hriger Erfahrung auch das n\u00f6tige Know-how eine T\u00fcr\u00f6ffnung fachgerecht durchzuf\u00fchren. Informieren Sie sich auf den Internetseiten unseres Schl\u00fcsseldienstes \u00fcber unsere Leistungen oder rufen Sie uns unverbindlich an.<\/strong><\/p>\n<p><strong>Schl\u00fcsseldienst-Leistungen im \u00dcberblick:<\/strong><\/p>\n<ul>\n<li>24h Schl\u00fcsselnotdienst mit Not\u00f6ffnungen von Fenster, T\u00fcren und Tresoren sowie PKWs und Briefk\u00e4sten<\/li>\n<li>Sicherheitsberatung, Planung und Installation von Sicherheitstechnik (Panzerriegel, Alarmanlagen, Fenstersicherungen uvm.)<\/li>\n<li>Schlie\u00dfanlagen (Gleichschlie\u00dfende Anlagen, Zentralschlossanlagen, Hauptschl\u00fcsselanlagen, Zentral-Hauptschl\u00fcsselanlagen und General-Hauptschl\u00fcsselanlagen)<\/li>\n<li>Einbruchschadenbehebung (Schlosswechsel-Sofortservice, Montage von Panzerriegel &amp; Zusatzschl\u00f6sser uvm.)<\/li>\n<\/ul>\n<h2>Schl\u00fcsseldienst WILHELMSHAVEN \u2013 Ihr g\u00fcnstiger Schl\u00fcsselnotdienst vor Ort<\/h2>\n<p><img class=\"size-full wp-image-36717 alignleft\" src=\"https:\/\/die-aufsperrengel.de\/schluesseldienst\/wp-content\/uploads\/2020\/10\/schluesseldienst-tueroeffnung-guenstig.jpg\" alt=\"Schl\u00fcsseldienst WILHELMSHAVEN T\u00fcr\u00f6ffnung\" width=\"150\" height=\"150\" \/>Vor einer verschlossenen T\u00fcr zu stehen, weil man den Schl\u00fcssel verloren hat oder weil die T\u00fcr durch einen Windzug ins Schloss gefallen ist und man sich ausgesperrt hat, dieses Problem kennen viele. Und auch ein abgebrochener Schl\u00fcssel, der im Schloss stecken geblieben ist, kann zu einem Problem werden. Vielleicht waren auch Sie schon mal in solch einer unangenehmen Situation. In einer Notlage wie dieser hilft Ihnen der Schl\u00fcsseldienst WILHELMSHAVEN.<\/p>\n<h3>Schl\u00fcsseldienst WILHELMSHAVEN, Service rund um die Uhr!<\/h3>\n<p><img class=\"size-full wp-image-36718 alignright\" src=\"https:\/\/die-aufsperrengel.de\/schluesseldienst\/wp-content\/uploads\/2020\/10\/schluesseldienst-zylindertausch.jpg\" alt=\"Schl\u00fcsseldienst WILHELMSHAVEN Zylindertausch\" width=\"150\" height=\"150\" \/>Sie ben\u00f6tigen Hilfe beim \u00d6ffnen einer Haust\u00fcr in WILHELMSHAVEN? Der Schl\u00fcsseldienst WILHELMSHAVEN ist Ihr zuverl\u00e4ssiger Helfer in der Not. Das geschulte Personal vom Schl\u00fcsseldienst sorgt daf\u00fcr, dass Sie schnell wieder in Ihre Wohnung oder Ihr Haus kommen.<\/p>\n<h3>Was bietet Ihnen der Schl\u00fcsseldienst WILHELMSHAVEN?<\/h3>\n<p><strong>Der Schl\u00fcsseldienst WILHELMSHAVEN bieten seinen Kunden ein breites Leistungsspektrum an. Dieses beinhaltet auch:<\/strong><\/p>\n<ul>\n<li>Zuverl\u00e4ssige Not\u00f6ffnungen von Haust\u00fcren jederzeit, 24 Stunden am Tag sowie an Sonn- und Feiertagen.<\/li>\n<li>Fachgerechte \u00d6ffnung der T\u00fcren ohne zus\u00e4tzliche Besch\u00e4digungen.<\/li>\n<li>Schnelle Erreichbarkeit. Der mobile Schl\u00fcsseldienst WILHELMSHAVEN ist in ca. 20 bis 30 Minuten vor Ort.<\/li>\n<li>Einbruchsschutz und Beratung zum Thema Sicherheit und Sicherheitsschl\u00f6sser.<\/li>\n<li>Faire Preise &amp; Know-how<\/li>\n<\/ul>\n<p>Ob in einem Privathaushalt oder in einer Firma. Nat\u00fcrlich k\u00f6nnen Sie beim Schl\u00fcsseldienst WILHELMSHAVEN auch einen Zweitschl\u00fcssel f\u00fcr Notf\u00e4lle anfertigen lassen oder auf Anfrage alte Schl\u00f6sser und Schlie\u00dfanlagen modernisieren bzw. austauschen lassen.<\/p>\n<h3>Schl\u00fcsseldienst WILHELMSHAVEN \u2013 Wie wird Ihre Wohnung sicherer?<\/h3>\n<p><img class=\"size-full wp-image-36719 alignleft\" src=\"https:\/\/die-aufsperrengel.de\/schluesseldienst\/wp-content\/uploads\/2020\/10\/schluesseldienst-autoschloss-oeffnen.jpg\" alt=\"Schl\u00fcsseldienst WILHELMSHAVEN Auto\u00f6ffnung\" width=\"150\" height=\"150\" \/>Einbruchschutz ist ein gro\u00dfes Thema. Wer m\u00f6chte schon, dass fremde Menschen in die Wohnung eindringen, diese verw\u00fcsten und Wertgegenst\u00e4nde und Geld entwenden? Das fachlich kompetente Personal vom Schl\u00fcsseldienst WILHELMSHAVEN ist Ihr g\u00fcnstiger Ansprechpartner, wenn es um Diebstahlschutz und Einbruchsschutz f\u00fcr Ihre Wohnung oder Ihr Haus geht. Die Fachleute vom Schl\u00fcsseldienst beraten Sie individuell und detailliert und unterbreiten Ihnen Vorschl\u00e4ge, wie Sie die Sicherheit f\u00fcr Ihr Haus oder Ihre Wohnung erh\u00f6hen k\u00f6nnen. Selbstverst\u00e4ndlich installieren wir auf Wunsch auch die entsprechenden Vorrichtungen bei Ihnen. Mit speziellen Sicherheitsschl\u00f6ssern, Riegeln usw. wird Ihr Haus oder Gesch\u00e4ft sicherer und Sie erschweren Einbrechern und potenziellen Dieben ihr Handwerk. Wir vom Schl\u00fcsseldienst verf\u00fcgen ausschlie\u00dflich \u00fcber Fachpersonal, welches als Schlosser ausgebildet wurde und stellen auch beim Thema Sicherheit allen unseren Kunden unsere Erfahrung und Fachkompetenz gerne zur Verf\u00fcgung.<\/p>\n<h2>Schl\u00fcsseldienst WILHELMSHAVEN: Preise<\/h2>\n<p><img class=\"size-full wp-image-36720 alignright\" src=\"https:\/\/die-aufsperrengel.de\/schluesseldienst\/wp-content\/uploads\/2020\/10\/schluesseldienst-lockpicking.jpg\" alt=\"Schl\u00fcsseldienst WILHELMSHAVEN Lockpicking\" width=\"150\" height=\"150\" \/>Nicht mehr in die Wohnung zu kommen, ist eine ganz besondere Notsituation, die von vielen Branchen-Mitgliedern gerne ausgenutzt wird. Der Schl\u00fcsseldienst WILHELMSHAVEN bietet seinen Kunden jedoch faire Preise, eine hohe Preistransparenz und ein gutes Preis-Leistungs-Verh\u00e4ltnis an. Rufen Sie den Schl\u00fcsseldienst f\u00fcr WILHELMSHAVEN an, wenn Sie Hilfe ben\u00f6tigen. Der Schl\u00fcsseldienst-Service \u00f6ffnet f\u00fcr Sie:<\/p>\n<ul>\n<li>Haust\u00fcren<\/li>\n<li>Wohnungst\u00fcren<\/li>\n<li>Autot\u00fcren<\/li>\n<li>Tresort\u00fcren<\/li>\n<\/ul>\n<h2>Schl\u00fcsseldienst WILHELMSHAVEN \u2013 Ihre Zufriedenheit ist wichtig<\/h2>\n<p><img class=\"size-full wp-image-36721 alignleft\" src=\"https:\/\/die-aufsperrengel.de\/schluesseldienst\/wp-content\/uploads\/2020\/10\/schluesseldienst-einbruchschutz.jpg\" alt=\"Schl\u00fcsseldienst WILHELMSHAVEN Einbruchschutz\" width=\"150\" height=\"150\" \/>Ob die \u00d6ffnung einer Wohnungst\u00fcr, das Installieren eines Sicherheitsschlosses oder ein Beratungsgespr\u00e4ch zum Thema Einbruchsschutz, der jeweilige Schl\u00fcsseldienst WILHELMSHAVEN m\u00f6chte, dass Sie mit der Arbeit zufrieden sind. Jeder Schl\u00fcsseldienst, freut sich, wenn Sie den Service sch\u00e4tzen und Freunden und Bekannten weiterempfehlen. der mobile Schl\u00fcsseldienst f\u00fcr WILHELMSHAVEN ist in ca. 20 bis 30 Minuten bei Ihnen, um Ihnen zu helfen. Fachkompetenz, Diskretion und g\u00fcnstige Preise sind die St\u00e4rken des Schl\u00fcsseldienst f\u00fcr WILHELMSHAVEN.<\/p>\n<h3>Allgemeine Informationen zur Not\u00f6ffnung vom Schl\u00fcsseldienst WILHELMSHAVEN<\/h3>\n<p><strong>Die \u00dcberpr\u00fcfung der Berechtigung zum \u00d6ffnen einer T\u00fcr erfolgt z.B. durch: Personalausweis oder Eigentumsnachweis. Eine Ausnahme ist die Abwehr von Gefahren. Kann eine fremde Person seine Berechtigung zur T\u00fcr\u00f6ffnung nicht nachweisen, wird die T\u00fcr nur im Beisein der Polizei ge\u00f6ffnet.<\/strong><\/p>\n","protected":false},"excerpt":{"rendered":"<p>Wir sind Ihr kompetenter Partner im Bereich Schl\u00fcsseldienst &amp; Schl\u00fcsselnotdienst WILHELMSHAVEN Die Aufsperrengel Schl\u00fcsseldienst WILHELMSHAVEN hat sich auf den mobilen Schl\u00fcsselnotdienst spezialisiert und bietet Ihnen neben langj\u00e4hriger Erfahrung auch das n\u00f6tige Know-how eine T\u00fcr\u00f6ffnung fachgerecht durchzuf\u00fchren. Informieren Sie sich auf den Internetseiten unseres Schl\u00fcsseldienstes \u00fcber unsere Leistungen oder rufen Sie uns unverbindlich an. Schl\u00fcsseldienst-Leistungen im [&hellip;]<\/p>\n","protected":false},"author":1,"featured_media":0,"parent":0,"menu_order":0,"comment_status":"open","ping_status":"open","template":"","meta":[],"yoast_head":"<!-- This site is optimized with the Yoast SEO plugin v18.6 - https:\/\/yoast.com\/wordpress\/plugins\/seo\/ -->\n<title>Schl\u00fcsseldienst WILHELMSHAVEN \u2764\ufe0f T\u00fcr\u00f6ffnung \u2777\u2779 Std. g\u00fcnstig<\/title>\n<meta name=\"description\" content=\"Ausgesperrt? Schl\u00fcssel verloren? Schl\u00fcsseldienst WILHELMSHAVEN hilft! Schnell &amp; zuverl\u00e4ssig \u00fcbernehmen wir die T\u00fcr\u00f6ffnung, professionell &amp; g\u00fcnstig.\" \/>\n<meta name=\"robots\" content=\"index, follow, max-snippet:-1, max-image-preview:large, max-video-preview:-1\" \/>\n<link rel=\"canonical\" href=\"https:\/\/die-aufsperrengel.de\/schluesseldienst\/wilhelmshaven\/\" \/>\n<meta property=\"og:locale\" content=\"de_DE\" \/>\n<meta property=\"og:type\" content=\"article\" \/>\n<meta property=\"og:title\" content=\"Schl\u00fcsseldienst WILHELMSHAVEN \u2764\ufe0f T\u00fcr\u00f6ffnung \u2777\u2779 Std. g\u00fcnstig\" \/>\n<meta property=\"og:description\" content=\"Ausgesperrt? Schl\u00fcssel verloren? Schl\u00fcsseldienst WILHELMSHAVEN hilft! Schnell &amp; zuverl\u00e4ssig \u00fcbernehmen wir die T\u00fcr\u00f6ffnung, professionell &amp; g\u00fcnstig.\" \/>\n<meta property=\"og:url\" content=\"https:\/\/die-aufsperrengel.de\/schluesseldienst\/wilhelmshaven\/\" \/>\n<meta property=\"og:site_name\" content=\"Schl\u00fcsseldienst T\u00fcr\u00f6ffnung g\u00fcnstig\" \/>\n<meta property=\"og:image\" content=\"https:\/\/die-aufsperrengel.de\/schluesseldienst\/wp-content\/uploads\/2020\/10\/schluesseldienst-schlosswechsel.jpg\" \/>\n<meta name=\"twitter:card\" content=\"summary_large_image\" \/>\n<meta name=\"twitter:label1\" content=\"Gesch\u00e4tzte Lesezeit\" \/>\n\t<meta name=\"twitter:data1\" content=\"4\u00a0Minuten\" \/>\n<script type=\"application\/ld+json\" class=\"yoast-schema-graph\">{\"@context\":\"https:\/\/schema.org\",\"@graph\":[{\"@type\":\"WebSite\",\"@id\":\"https:\/\/die-aufsperrengel.de\/schluesseldienst\/#website\",\"url\":\"https:\/\/die-aufsperrengel.de\/schluesseldienst\/\",\"name\":\"Schl\u00fcsseldienst T\u00fcr\u00f6ffnung g\u00fcnstig\",\"description\":\"\",\"potentialAction\":[{\"@type\":\"SearchAction\",\"target\":{\"@type\":\"EntryPoint\",\"urlTemplate\":\"https:\/\/die-aufsperrengel.de\/schluesseldienst\/?s={search_term_string}\"},\"query-input\":\"required name=search_term_string\"}],\"inLanguage\":\"de\"},{\"@type\":\"ImageObject\",\"@id\":\"https:\/\/die-aufsperrengel.de\/schluesseldienst\/wilhelmshaven\/#primaryimage\",\"inLanguage\":\"de\",\"url\":\"https:\/\/die-aufsperrengel.de\/schluesseldienst\/wp-content\/uploads\/2020\/10\/schluesseldienst-schlosswechsel.jpg\",\"contentUrl\":\"https:\/\/die-aufsperrengel.de\/schluesseldienst\/wp-content\/uploads\/2020\/10\/schluesseldienst-schlosswechsel.jpg\",\"width\":150,\"height\":150,\"caption\":\"Schl\u00fcsseldienst Schlosswechsel\"},{\"@type\":\"WebPage\",\"@id\":\"https:\/\/die-aufsperrengel.de\/schluesseldienst\/wilhelmshaven\/#webpage\",\"url\":\"https:\/\/die-aufsperrengel.de\/schluesseldienst\/wilhelmshaven\/\",\"name\":\"Schl\u00fcsseldienst WILHELMSHAVEN \u2764\ufe0f T\u00fcr\u00f6ffnung \u2777\u2779 Std. g\u00fcnstig\",\"isPartOf\":{\"@id\":\"https:\/\/die-aufsperrengel.de\/schluesseldienst\/#website\"},\"primaryImageOfPage\":{\"@id\":\"https:\/\/die-aufsperrengel.de\/schluesseldienst\/wilhelmshaven\/#primaryimage\"},\"datePublished\":\"2022-03-28T07:05:16+00:00\",\"dateModified\":\"2022-03-28T07:05:16+00:00\",\"description\":\"Ausgesperrt? Schl\u00fcssel verloren? Schl\u00fcsseldienst WILHELMSHAVEN hilft! Schnell & zuverl\u00e4ssig \u00fcbernehmen wir die T\u00fcr\u00f6ffnung, professionell & g\u00fcnstig.\",\"breadcrumb\":{\"@id\":\"https:\/\/die-aufsperrengel.de\/schluesseldienst\/wilhelmshaven\/#breadcrumb\"},\"inLanguage\":\"de\",\"potentialAction\":[{\"@type\":\"ReadAction\",\"target\":[\"https:\/\/die-aufsperrengel.de\/schluesseldienst\/wilhelmshaven\/\"]}]},{\"@type\":\"BreadcrumbList\",\"@id\":\"https:\/\/die-aufsperrengel.de\/schluesseldienst\/wilhelmshaven\/#breadcrumb\",\"itemListElement\":[{\"@type\":\"ListItem\",\"position\":1,\"name\":\"Startseite\",\"item\":\"https:\/\/die-aufsperrengel.de\/schluesseldienst\/\"},{\"@type\":\"ListItem\",\"position\":2,\"name\":\"Schl\u00fcsseldienst WILHELMSHAVEN\"}]}]}<\/script>\n<!-- \/ Yoast SEO plugin. -->","yoast_head_json":{"title":"Schl\u00fcsseldienst WILHELMSHAVEN \u2764\ufe0f T\u00fcr\u00f6ffnung \u2777\u2779 Std. g\u00fcnstig","description":"Ausgesperrt? Schl\u00fcssel verloren? Schl\u00fcsseldienst WILHELMSHAVEN hilft! Schnell & zuverl\u00e4ssig \u00fcbernehmen wir die T\u00fcr\u00f6ffnung, professionell & g\u00fcnstig.","robots":{"index":"index","follow":"follow","max-snippet":"max-snippet:-1","max-image-preview":"max-image-preview:large","max-video-preview":"max-video-preview:-1"},"canonical":"https:\/\/die-aufsperrengel.de\/schluesseldienst\/wilhelmshaven\/","og_locale":"de_DE","og_type":"article","og_title":"Schl\u00fcsseldienst WILHELMSHAVEN \u2764\ufe0f T\u00fcr\u00f6ffnung \u2777\u2779 Std. g\u00fcnstig","og_description":"Ausgesperrt? Schl\u00fcssel verloren? Schl\u00fcsseldienst WILHELMSHAVEN hilft! Schnell & zuverl\u00e4ssig \u00fcbernehmen wir die T\u00fcr\u00f6ffnung, professionell & g\u00fcnstig.","og_url":"https:\/\/die-aufsperrengel.de\/schluesseldienst\/wilhelmshaven\/","og_site_name":"Schl\u00fcsseldienst T\u00fcr\u00f6ffnung g\u00fcnstig","og_image":[{"url":"https:\/\/die-aufsperrengel.de\/schluesseldienst\/wp-content\/uploads\/2020\/10\/schluesseldienst-schlosswechsel.jpg"}],"twitter_card":"summary_large_image","twitter_misc":{"Gesch\u00e4tzte Lesezeit":"4\u00a0Minuten"},"schema":{"@context":"https:\/\/schema.org","@graph":[{"@type":"WebSite","@id":"https:\/\/die-aufsperrengel.de\/schluesseldienst\/#website","url":"https:\/\/die-aufsperrengel.de\/schluesseldienst\/","name":"Schl\u00fcsseldienst T\u00fcr\u00f6ffnung g\u00fcnstig","description":"","potentialAction":[{"@type":"SearchAction","target":{"@type":"EntryPoint","urlTemplate":"https:\/\/die-aufsperrengel.de\/schluesseldienst\/?s={search_term_string}"},"query-input":"required name=search_term_string"}],"inLanguage":"de"},{"@type":"ImageObject","@id":"https:\/\/die-aufsperrengel.de\/schluesseldienst\/wilhelmshaven\/#primaryimage","inLanguage":"de","url":"https:\/\/die-aufsperrengel.de\/schluesseldienst\/wp-content\/uploads\/2020\/10\/schluesseldienst-schlosswechsel.jpg","contentUrl":"https:\/\/die-aufsperrengel.de\/schluesseldienst\/wp-content\/uploads\/2020\/10\/schluesseldienst-schlosswechsel.jpg","width":150,"height":150,"caption":"Schl\u00fcsseldienst Schlosswechsel"},{"@type":"WebPage","@id":"https:\/\/die-aufsperrengel.de\/schluesseldienst\/wilhelmshaven\/#webpage","url":"https:\/\/die-aufsperrengel.de\/schluesseldienst\/wilhelmshaven\/","name":"Schl\u00fcsseldienst WILHELMSHAVEN \u2764\ufe0f T\u00fcr\u00f6ffnung \u2777\u2779 Std. g\u00fcnstig","isPartOf":{"@id":"https:\/\/die-aufsperrengel.de\/schluesseldienst\/#website"},"primaryImageOfPage":{"@id":"https:\/\/die-aufsperrengel.de\/schluesseldienst\/wilhelmshaven\/#primaryimage"},"datePublished":"2022-03-28T07:05:16+00:00","dateModified":"2022-03-28T07:05:16+00:00","description":"Ausgesperrt? Schl\u00fcssel verloren? Schl\u00fcsseldienst WILHELMSHAVEN hilft! Schnell & zuverl\u00e4ssig \u00fcbernehmen wir die T\u00fcr\u00f6ffnung, professionell & g\u00fcnstig.","breadcrumb":{"@id":"https:\/\/die-aufsperrengel.de\/schluesseldienst\/wilhelmshaven\/#breadcrumb"},"inLanguage":"de","potentialAction":[{"@type":"ReadAction","target":["https:\/\/die-aufsperrengel.de\/schluesseldienst\/wilhelmshaven\/"]}]},{"@type":"BreadcrumbList","@id":"https:\/\/die-aufsperrengel.de\/schluesseldienst\/wilhelmshaven\/#breadcrumb","itemListElement":[{"@type":"ListItem","position":1,"name":"Startseite","item":"https:\/\/die-aufsperrengel.de\/schluesseldienst\/"},{"@type":"ListItem","position":2,"name":"Schl\u00fcsseldienst WILHELMSHAVEN"}]}]}},"_links":{"self":[{"href":"https:\/\/die-aufsperrengel.de\/schluesseldienst\/wp-json\/wp\/v2\/pages\/50368"}],"collection":[{"href":"https:\/\/die-aufsperrengel.de\/schluesseldienst\/wp-json\/wp\/v2\/pages"}],"about":[{"href":"https:\/\/die-aufsperrengel.de\/schluesseldienst\/wp-json\/wp\/v2\/types\/page"}],"author":[{"embeddable":true,"href":"https:\/\/die-aufsperrengel.de\/schluesseldienst\/wp-json\/wp\/v2\/users\/1"}],"replies":[{"embeddable":true,"href":"https:\/\/die-aufsperrengel.de\/schluesseldienst\/wp-json\/wp\/v2\/comments?post=50368"}],"version-history":[{"count":0,"href":"https:\/\/die-aufsperrengel.de\/schluesseldienst\/wp-json\/wp\/v2\/pages\/50368\/revisions"}],"wp:attachment":[{"href":"https:\/\/die-aufsperrengel.de\/schluesseldienst\/wp-json\/wp\/v2\/media?parent=50368"}],"curies":[{"name":"wp","href":"https:\/\/api.w.org\/{rel}","templated":true}]}}