{"id":36683,"date":"2019-12-16T10:20:26","date_gmt":"2019-12-16T10:20:26","guid":{"rendered":"https:\/\/die-aufsperrengel.de\/schluesseldienst\/?page_id=36683"},"modified":"2020-10-27T08:27:34","modified_gmt":"2020-10-27T08:27:34","slug":"schluesseldienst-altlandsberg","status":"publish","type":"page","link":"https:\/\/die-aufsperrengel.de\/schluesseldienst\/","title":{"rendered":"Schl\u00fcsseldienst"},"content":{"rendered":"<h3>Wir sind Ihr kompetenter Partner im Bereich Schl\u00fcsseldienst &amp; Schl\u00fcsselnotdienst<\/h3>\n<p><noscript><img class=\"size-full wp-image-11167 alignright\" src=\"https:\/\/cdn.shortpixel.ai\/client\/q_lossy,ret_img,w_150,h_150\/https:\/\/www.schluesseldienst-krause.de\/wp-content\/uploads\/2019\/03\/schluesseldienst-tueroeffnung-guenstig.jpg\" alt=\"Schl\u00fcsseldienst T\u00fcr\u00f6ffnung g\u00fcnstig\" width=\"150\" height=\"150\"><\/noscript><\/p>\n<p><img class=\"size-full wp-image-36716 alignright\" src=\"https:\/\/die-aufsperrengel.de\/schluesseldienst\/wp-content\/uploads\/2020\/10\/schluesseldienst-schlosswechsel.jpg\" alt=\"Schl\u00fcsseldienst Schlosswechsel\" width=\"150\" height=\"150\" \/>Unser Schl\u00fcsseldienst hat sich auf den mobilen Schl\u00fcsselnotdienst spezialisiert und bietet Ihnen neben jahrelanger Erfahrung auch das n\u00f6tige Know-How eine T\u00fcr\u00f6ffnung kompetent durchzuf\u00fchren. Informieren Sie sich auf unseren Internetseiten \u00fcber unsere Leistungen oder rufen Sie uns unverbindlich an.<\/p>\n<p><strong>Unsere Leistungen im \u00dcberblick:<\/strong><\/p>\n<ul>\n<li>24h Schl\u00fcsselnotdienst mit Not\u00f6ffnungen von Fenster, T\u00fcren und Tresoren sowie PKWs und Briefk\u00e4sten<\/li>\n<li>Sicherheitsberatung, Planung und Installation von Sicherheitstechnik (Panzerriegel, Alarmanlagen, Fenstersicherungen uvm.)<\/li>\n<li>Schlie\u00dfanlagen (Gleichschlie\u00dfende Anlagen, Zentralschlossanlagen, Hauptschl\u00fcsselanlagen, Zentral-Hauptschl\u00fcsselanlagen und General-Hauptschl\u00fcsselanlagen)<\/li>\n<li>Einbruchschadenbehebung (Schlosswechsel-Sofortservice, Montage von Panzerriegel &amp; Zusatzschl\u00f6sser uvm.)<\/li>\n<\/ul>\n<h2>Schl\u00fcsseldienst \u2013 Ihr g\u00fcnstiger Schl\u00fcsselnotdienst vor Ort<\/h2>\n<p><noscript><img class=\"size-full wp-image-11171 alignleft\" src=\"https:\/\/cdn.shortpixel.ai\/client\/q_lossy,ret_img,w_150,h_150\/https:\/\/www.schluesseldienst-krause.de\/wp-content\/uploads\/2019\/03\/schluesseldienst-schlosswechsel.jpg\" alt=\"Schlosswechsel und Schlossreparatur\" width=\"150\" height=\"150\"><\/noscript><img class=\"size-full wp-image-36717 alignleft\" src=\"https:\/\/die-aufsperrengel.de\/schluesseldienst\/wp-content\/uploads\/2020\/10\/schluesseldienst-tueroeffnung-guenstig.jpg\" alt=\"Schl\u00fcsseldienst T\u00fcr\u00f6ffnung\" width=\"150\" height=\"150\" \/>Vor einer verschlossenen T\u00fcr zu stehen, weil man den Schl\u00fcssel verloren hat oder weil die T\u00fcr durch einen Windzug ins Schloss gefallen ist und man sich ausgesperrt hat, dieses Problem kennen viele. Und auch ein abgebrochener Schl\u00fcssel, der im Schloss stecken geblieben ist, kann zu einem Problem werden. Vielleicht waren auch Sie schon mal in solch einer unangenehmen Situation. In einer Notlage wie dieser, hilft Ihnen der Schl\u00fcsseldienst Altlansberg.<\/p>\n<h3>Schl\u00fcsseldienst, Service rund um die Uhr!<\/h3>\n<p><noscript><img class=\"size-full wp-image-11172 alignright\" src=\"https:\/\/cdn.shortpixel.ai\/client\/q_lossy,ret_img,w_150,h_150\/https:\/\/www.schluesseldienst-krause.de\/wp-content\/uploads\/2019\/03\/schluesseldienst-zylindertausch.jpg\" alt=\"Schliesszylinder auswechseln vom Schl\u00fcsseldienst\" width=\"150\" height=\"150\"><\/noscript><img class=\"size-full wp-image-36718 alignright\" src=\"https:\/\/die-aufsperrengel.de\/schluesseldienst\/wp-content\/uploads\/2020\/10\/schluesseldienst-zylindertausch.jpg\" alt=\"Schl\u00fcsseldienst Zylindertausch\" width=\"150\" height=\"150\" \/>Sie ben\u00f6tigen Hilfe beim \u00d6ffnen einer Haust\u00fcr in Altlansberg? Der Schl\u00fcsseldienst ist Ihr zuverl\u00e4ssiger Helfer in der Not. Das geschulte Personal vom Schl\u00fcsseldienst sorgt daf\u00fcr, dass Sie schnell wieder in Ihre Wohnung oder Ihr Haus kommen.<\/p>\n<h3>Was bietet Ihnen der Schl\u00fcsseldienst?<\/h3>\n<p><strong>Wir vom Schl\u00fcsseldienst bieten unseren Kunden ein breites Leistungsspektrum an. Dieses beinhaltet auch:<\/strong><\/p>\n<ul>\n<li>Zuverl\u00e4ssige Not\u00f6ffnungen von Haust\u00fcren jederzeit, 24 Stunden am Tag sowie an Sonn- und Feiertagen.<\/li>\n<li>Fachgerechte \u00d6ffnung der T\u00fcren ohne zus\u00e4tzliche Besch\u00e4digungen.<\/li>\n<li>Schnelle Erreichbarkeit. Der mobile Schl\u00fcsseldienst ist in ca. 20 bis 30 Minuten vor Ort.<\/li>\n<li>Einbruchsschutz und Beratung zum Thema Sicherheit und Sicherheitsschl\u00f6sser.<\/li>\n<li>Faire Preise &amp; Know-How<\/li>\n<\/ul>\n<p>Ob in einem Privathaushalt oder einer Firma, nat\u00fcrlich k\u00f6nnen Sie beim Schl\u00fcsseldienst auch einen Zweitschl\u00fcssel f\u00fcr Notf\u00e4lle anfertigen lassen oder auf Anfrage alte Schl\u00f6sser und Schlie\u00dfanlagen modernisieren bzw. austauschen lassen.<\/p>\n<h3>Schl\u00fcsseldienst \u2013 Wie wird Ihre Wohnung sicherer?<\/h3>\n<p><noscript><img class=\"size-full wp-image-11173 alignleft\" src=\"https:\/\/cdn.shortpixel.ai\/client\/q_lossy,ret_img,w_150,h_150\/https:\/\/www.schluesseldienst-krause.de\/wp-content\/uploads\/2019\/03\/schluesseldienst-autoschloss-oeffnen.jpg\" alt=\"Autoschloss \u00f6ffnen lassen vom Schl\u00fcsseldienst\" width=\"150\" height=\"150\"><\/noscript><img class=\"size-full wp-image-36719 alignleft\" src=\"https:\/\/die-aufsperrengel.de\/schluesseldienst\/wp-content\/uploads\/2020\/10\/schluesseldienst-autoschloss-oeffnen.jpg\" alt=\"Schl\u00fcsseldienst Auto\u00f6ffnung\" width=\"150\" height=\"150\" \/>Einbruchschutz ist ein gro\u00dfes Thema. Wer m\u00f6chte schon, dass fremde Menschen in die Wohnung eindringen, diese verw\u00fcsten und Wertgegenst\u00e4nde und Geld entwenden? Das fachlich kompetente Personal vom Schl\u00fcsseldienst ist Ihr g\u00fcnstiger Ansprechpartner, wenn es um Diebstahlschutz und Einbruchsschutz f\u00fcr Ihre Wohnung oder Ihr Haus geht. Die Fachleute vom Schl\u00fcsseldienst beraten Sie individuell und detailliert und unterbreiten Ihnen Vorschl\u00e4ge, wie Sie die Sicherheit f\u00fcr Ihr Haus oder Ihre Wohnung erh\u00f6hen k\u00f6nnen. Selbstverst\u00e4ndlich installieren wir auf Wunsch auch die entsprechenden Vorrichtungen bei Ihnen. Mit speziellen Sicherheitsschl\u00f6ssern, Riegeln usw. wird Ihr Haus oder Gesch\u00e4ft sicherer und Sie erschweren Einbrechern und potenziellen Dieben ihr Handwerk. Wir vom Schl\u00fcsseldienst verf\u00fcgen ausschlie\u00dflich \u00fcber Fachpersonal, welches als Schlosser ausgebildet wurde und stellen auch beim Thema Sicherheit allen unseren Kunden unsere Erfahrung und Fachkompetenz gerne zur Verf\u00fcgung.<\/p>\n<h2>Wie teuer wird ein Einsatz vom Schl\u00fcsseldienst?<\/h2>\n<p><noscript><img class=\"size-full wp-image-11174 alignright\" src=\"https:\/\/cdn.shortpixel.ai\/client\/q_lossy,ret_img,w_150,h_150\/https:\/\/www.schluesseldienst-krause.de\/wp-content\/uploads\/2019\/03\/schluesseldienst-lockpicking.jpg\" alt=\"Schl\u00fcsseldienst T\u00fcr\u00f6ffnung mit Lockpicking\" width=\"150\" height=\"150\"><\/noscript><img class=\"size-full wp-image-36720 alignright\" src=\"https:\/\/die-aufsperrengel.de\/schluesseldienst\/wp-content\/uploads\/2020\/10\/schluesseldienst-lockpicking.jpg\" alt=\"Schl\u00fcsseldienst Lockpicking\" width=\"150\" height=\"150\" \/>Nicht mehr in die Wohnung zu kommen, ist eine ganz besondere Notsituation, die von vielen Branchen-Mitgliedern gerne ausgenutzt wird. Wir vom Schl\u00fcsseldienst bieten unseren Kunden jedoch faire Preise, eine hohe Preistransparenz und ein gutes Preis-Leistungs-Verh\u00e4ltnis an. Rufen Sie den Schl\u00fcsseldienst an, wenn Sie Hilfe ben\u00f6tigen. Der Schl\u00fcsseldienst Service \u00f6ffnet f\u00fcr Sie:<\/p>\n<ul>\n<li>Haust\u00fcren<\/li>\n<li>Wohnungst\u00fcren<\/li>\n<li>Autot\u00fcren<\/li>\n<li>Tresort\u00fcren<\/li>\n<\/ul>\n<h2>Schl\u00fcsseldienst \u2013 Ihre Zufriedenheit ist uns wichtig<\/h2>\n<p><noscript><img class=\"size-full wp-image-11176 alignleft\" src=\"https:\/\/cdn.shortpixel.ai\/client\/q_lossy,ret_img,w_150,h_150\/https:\/\/www.schluesseldienst-krause.de\/wp-content\/uploads\/2019\/03\/schluesseldienst-einbruchschutz.jpg\" alt=\"Einbruchschutz vom Schl\u00fcsseldienst\" width=\"150\" height=\"150\"><\/noscript><img class=\"size-full wp-image-36721 alignleft\" src=\"https:\/\/die-aufsperrengel.de\/schluesseldienst\/wp-content\/uploads\/2020\/10\/schluesseldienst-einbruchschutz.jpg\" alt=\"Schl\u00fcsseldienst Einbruchschutz\" width=\"150\" height=\"150\" \/>Ob die \u00d6ffnung einer Wohnungst\u00fcr, das Installieren eines Sicherheitsschlosses oder ein Beratungsgespr\u00e4ch zum Thema Einbruchsschutz, wir vom Schl\u00fcsseldienst m\u00f6chten, dass Sie mit uns zufrieden sind. Wir freuen uns, wenn Sie unseren Service sch\u00e4tzen und uns Freunden und Bekannten weiter empfehlen. Unser mobiler Schl\u00fcsseldienst ist in ca. 20 bis 30 Minuten bei Ihnen, um Ihnen zu helfen. Fachkompetenz, Diskretion und g\u00fcnstige Preise sind die St\u00e4rken des Schl\u00fcsseldienst.<\/p>\n<h3>Allgemeine Informationen zur Not\u00f6ffnung vom Schl\u00fcsseldienst<\/h3>\n<p>Die \u00dcberbr\u00fcfung der Berechtigung zum \u00f6ffnen einer T\u00fcr erfolgt z.B. durch: Personalausweis oder Eigentumsnachweis. Eine Ausnahme ist die Abwehr von Gefahren. Kann eine fremde Person seine Berechtigung zur T\u00fcr\u00f6ffnung nicht nachweisen, wird die T\u00fcr nur im Beisein der Polizei ge\u00f6ffnet.<\/p>\n","protected":false},"excerpt":{"rendered":"<p>Wir sind Ihr kompetenter Partner im Bereich Schl\u00fcsseldienst &amp; Schl\u00fcsselnotdienst Unser Schl\u00fcsseldienst hat sich auf den mobilen Schl\u00fcsselnotdienst spezialisiert und bietet Ihnen neben jahrelanger Erfahrung auch das n\u00f6tige Know-How eine T\u00fcr\u00f6ffnung kompetent durchzuf\u00fchren. Informieren Sie sich auf unseren Internetseiten \u00fcber unsere Leistungen oder rufen Sie uns unverbindlich an. Unsere Leistungen im \u00dcberblick: 24h Schl\u00fcsselnotdienst mit [&hellip;]<\/p>\n","protected":false},"author":1,"featured_media":0,"parent":0,"menu_order":0,"comment_status":"closed","ping_status":"closed","template":"","meta":[],"yoast_head":"<!-- This site is optimized with the Yoast SEO plugin v18.6 - https:\/\/yoast.com\/wordpress\/plugins\/seo\/ -->\n<title>Die Aufsperrengel Schl\u00fcsseldienst \u1455\u2776\u1450 24h T\u00fcr\u00f6ffnung g\u00fcnstig<\/title>\n<meta name=\"description\" content=\"Ausgesperrt? Schl\u00fcssel verloren? Schl\u00fcsseldienst hilft! Schnell &amp; zuverl\u00e4ssig \u00fcbernehmen wir die T\u00fcr\u00f6ffnung professionell &amp; g\u00fcnstig.\" \/>\n<meta name=\"robots\" content=\"index, follow, max-snippet:-1, max-image-preview:large, max-video-preview:-1\" \/>\n<link rel=\"canonical\" href=\"https:\/\/die-aufsperrengel.de\/schluesseldienst\/\" \/>\n<meta property=\"og:locale\" content=\"de_DE\" \/>\n<meta property=\"og:type\" content=\"article\" \/>\n<meta property=\"og:title\" content=\"Die Aufsperrengel Schl\u00fcsseldienst \u1455\u2776\u1450 24h T\u00fcr\u00f6ffnung g\u00fcnstig\" \/>\n<meta property=\"og:description\" content=\"Ausgesperrt? Schl\u00fcssel verloren? Schl\u00fcsseldienst hilft! Schnell &amp; zuverl\u00e4ssig \u00fcbernehmen wir die T\u00fcr\u00f6ffnung professionell &amp; g\u00fcnstig.\" \/>\n<meta property=\"og:url\" content=\"https:\/\/die-aufsperrengel.de\/schluesseldienst\/\" \/>\n<meta property=\"og:site_name\" content=\"Schl\u00fcsseldienst T\u00fcr\u00f6ffnung g\u00fcnstig\" \/>\n<meta property=\"article:modified_time\" content=\"2020-10-27T08:27:34+00:00\" \/>\n<meta property=\"og:image\" content=\"https:\/\/cdn.shortpixel.ai\/client\/q_lossy,ret_img,w_150,h_150\/https:\/\/www.schluesseldienst-krause.de\/wp-content\/uploads\/2019\/03\/schluesseldienst-tueroeffnung-guenstig.jpg\" \/>\n<meta name=\"twitter:card\" content=\"summary_large_image\" \/>\n<meta name=\"twitter:label1\" content=\"Gesch\u00e4tzte Lesezeit\" \/>\n\t<meta name=\"twitter:data1\" content=\"4\u00a0Minuten\" \/>\n<script type=\"application\/ld+json\" class=\"yoast-schema-graph\">{\"@context\":\"https:\/\/schema.org\",\"@graph\":[{\"@type\":\"WebSite\",\"@id\":\"https:\/\/die-aufsperrengel.de\/schluesseldienst\/#website\",\"url\":\"https:\/\/die-aufsperrengel.de\/schluesseldienst\/\",\"name\":\"Schl\u00fcsseldienst T\u00fcr\u00f6ffnung g\u00fcnstig\",\"description\":\"\",\"potentialAction\":[{\"@type\":\"SearchAction\",\"target\":{\"@type\":\"EntryPoint\",\"urlTemplate\":\"https:\/\/die-aufsperrengel.de\/schluesseldienst\/?s={search_term_string}\"},\"query-input\":\"required name=search_term_string\"}],\"inLanguage\":\"de\"},{\"@type\":\"ImageObject\",\"@id\":\"https:\/\/die-aufsperrengel.de\/schluesseldienst\/#primaryimage\",\"inLanguage\":\"de\",\"url\":\"https:\/\/cdn.shortpixel.ai\/client\/q_lossy,ret_img,w_150,h_150\/https:\/\/www.schluesseldienst-krause.de\/wp-content\/uploads\/2019\/03\/schluesseldienst-tueroeffnung-guenstig.jpg\",\"contentUrl\":\"https:\/\/cdn.shortpixel.ai\/client\/q_lossy,ret_img,w_150,h_150\/https:\/\/www.schluesseldienst-krause.de\/wp-content\/uploads\/2019\/03\/schluesseldienst-tueroeffnung-guenstig.jpg\"},{\"@type\":\"WebPage\",\"@id\":\"https:\/\/die-aufsperrengel.de\/schluesseldienst\/#webpage\",\"url\":\"https:\/\/die-aufsperrengel.de\/schluesseldienst\/\",\"name\":\"Die Aufsperrengel Schl\u00fcsseldienst \u1455\u2776\u1450 24h T\u00fcr\u00f6ffnung g\u00fcnstig\",\"isPartOf\":{\"@id\":\"https:\/\/die-aufsperrengel.de\/schluesseldienst\/#website\"},\"primaryImageOfPage\":{\"@id\":\"https:\/\/die-aufsperrengel.de\/schluesseldienst\/#primaryimage\"},\"datePublished\":\"2019-12-16T10:20:26+00:00\",\"dateModified\":\"2020-10-27T08:27:34+00:00\",\"description\":\"Ausgesperrt? Schl\u00fcssel verloren? Schl\u00fcsseldienst hilft! Schnell & zuverl\u00e4ssig \u00fcbernehmen wir die T\u00fcr\u00f6ffnung professionell & g\u00fcnstig.\",\"breadcrumb\":{\"@id\":\"https:\/\/die-aufsperrengel.de\/schluesseldienst\/#breadcrumb\"},\"inLanguage\":\"de\",\"potentialAction\":[{\"@type\":\"ReadAction\",\"target\":[\"https:\/\/die-aufsperrengel.de\/schluesseldienst\/\"]}]},{\"@type\":\"BreadcrumbList\",\"@id\":\"https:\/\/die-aufsperrengel.de\/schluesseldienst\/#breadcrumb\",\"itemListElement\":[{\"@type\":\"ListItem\",\"position\":1,\"name\":\"Startseite\",\"item\":\"https:\/\/die-aufsperrengel.de\/schluesseldienst\/\"},{\"@type\":\"ListItem\",\"position\":2,\"name\":\"Schl\u00fcsseldienst\"}]}]}<\/script>\n<!-- \/ Yoast SEO plugin. -->","yoast_head_json":{"title":"Die Aufsperrengel Schl\u00fcsseldienst \u1455\u2776\u1450 24h T\u00fcr\u00f6ffnung g\u00fcnstig","description":"Ausgesperrt? Schl\u00fcssel verloren? Schl\u00fcsseldienst hilft! Schnell & zuverl\u00e4ssig \u00fcbernehmen wir die T\u00fcr\u00f6ffnung professionell & g\u00fcnstig.","robots":{"index":"index","follow":"follow","max-snippet":"max-snippet:-1","max-image-preview":"max-image-preview:large","max-video-preview":"max-video-preview:-1"},"canonical":"https:\/\/die-aufsperrengel.de\/schluesseldienst\/","og_locale":"de_DE","og_type":"article","og_title":"Die Aufsperrengel Schl\u00fcsseldienst \u1455\u2776\u1450 24h T\u00fcr\u00f6ffnung g\u00fcnstig","og_description":"Ausgesperrt? Schl\u00fcssel verloren? Schl\u00fcsseldienst hilft! Schnell & zuverl\u00e4ssig \u00fcbernehmen wir die T\u00fcr\u00f6ffnung professionell & g\u00fcnstig.","og_url":"https:\/\/die-aufsperrengel.de\/schluesseldienst\/","og_site_name":"Schl\u00fcsseldienst T\u00fcr\u00f6ffnung g\u00fcnstig","article_modified_time":"2020-10-27T08:27:34+00:00","og_image":[{"url":"https:\/\/cdn.shortpixel.ai\/client\/q_lossy,ret_img,w_150,h_150\/https:\/\/www.schluesseldienst-krause.de\/wp-content\/uploads\/2019\/03\/schluesseldienst-tueroeffnung-guenstig.jpg"}],"twitter_card":"summary_large_image","twitter_misc":{"Gesch\u00e4tzte Lesezeit":"4\u00a0Minuten"},"schema":{"@context":"https:\/\/schema.org","@graph":[{"@type":"WebSite","@id":"https:\/\/die-aufsperrengel.de\/schluesseldienst\/#website","url":"https:\/\/die-aufsperrengel.de\/schluesseldienst\/","name":"Schl\u00fcsseldienst T\u00fcr\u00f6ffnung g\u00fcnstig","description":"","potentialAction":[{"@type":"SearchAction","target":{"@type":"EntryPoint","urlTemplate":"https:\/\/die-aufsperrengel.de\/schluesseldienst\/?s={search_term_string}"},"query-input":"required name=search_term_string"}],"inLanguage":"de"},{"@type":"ImageObject","@id":"https:\/\/die-aufsperrengel.de\/schluesseldienst\/#primaryimage","inLanguage":"de","url":"https:\/\/cdn.shortpixel.ai\/client\/q_lossy,ret_img,w_150,h_150\/https:\/\/www.schluesseldienst-krause.de\/wp-content\/uploads\/2019\/03\/schluesseldienst-tueroeffnung-guenstig.jpg","contentUrl":"https:\/\/cdn.shortpixel.ai\/client\/q_lossy,ret_img,w_150,h_150\/https:\/\/www.schluesseldienst-krause.de\/wp-content\/uploads\/2019\/03\/schluesseldienst-tueroeffnung-guenstig.jpg"},{"@type":"WebPage","@id":"https:\/\/die-aufsperrengel.de\/schluesseldienst\/#webpage","url":"https:\/\/die-aufsperrengel.de\/schluesseldienst\/","name":"Die Aufsperrengel Schl\u00fcsseldienst \u1455\u2776\u1450 24h T\u00fcr\u00f6ffnung g\u00fcnstig","isPartOf":{"@id":"https:\/\/die-aufsperrengel.de\/schluesseldienst\/#website"},"primaryImageOfPage":{"@id":"https:\/\/die-aufsperrengel.de\/schluesseldienst\/#primaryimage"},"datePublished":"2019-12-16T10:20:26+00:00","dateModified":"2020-10-27T08:27:34+00:00","description":"Ausgesperrt? Schl\u00fcssel verloren? Schl\u00fcsseldienst hilft! Schnell & zuverl\u00e4ssig \u00fcbernehmen wir die T\u00fcr\u00f6ffnung professionell & g\u00fcnstig.","breadcrumb":{"@id":"https:\/\/die-aufsperrengel.de\/schluesseldienst\/#breadcrumb"},"inLanguage":"de","potentialAction":[{"@type":"ReadAction","target":["https:\/\/die-aufsperrengel.de\/schluesseldienst\/"]}]},{"@type":"BreadcrumbList","@id":"https:\/\/die-aufsperrengel.de\/schluesseldienst\/#breadcrumb","itemListElement":[{"@type":"ListItem","position":1,"name":"Startseite","item":"https:\/\/die-aufsperrengel.de\/schluesseldienst\/"},{"@type":"ListItem","position":2,"name":"Schl\u00fcsseldienst"}]}]}},"_links":{"self":[{"href":"https:\/\/die-aufsperrengel.de\/schluesseldienst\/wp-json\/wp\/v2\/pages\/36683"}],"collection":[{"href":"https:\/\/die-aufsperrengel.de\/schluesseldienst\/wp-json\/wp\/v2\/pages"}],"about":[{"href":"https:\/\/die-aufsperrengel.de\/schluesseldienst\/wp-json\/wp\/v2\/types\/page"}],"author":[{"embeddable":true,"href":"https:\/\/die-aufsperrengel.de\/schluesseldienst\/wp-json\/wp\/v2\/users\/1"}],"replies":[{"embeddable":true,"href":"https:\/\/die-aufsperrengel.de\/schluesseldienst\/wp-json\/wp\/v2\/comments?post=36683"}],"version-history":[{"count":0,"href":"https:\/\/die-aufsperrengel.de\/schluesseldienst\/wp-json\/wp\/v2\/pages\/36683\/revisions"}],"wp:attachment":[{"href":"https:\/\/die-aufsperrengel.de\/schluesseldienst\/wp-json\/wp\/v2\/media?parent=36683"}],"curies":[{"name":"wp","href":"https:\/\/api.w.org\/{rel}","templated":true}]}}